{"id":864,"date":"2019-01-20T18:33:27","date_gmt":"2019-01-20T16:33:27","guid":{"rendered":"http:\/\/musikkapelle-reimlingen.de\/?page_id=864"},"modified":"2025-07-27T15:20:21","modified_gmt":"2025-07-27T13:20:21","slug":"video-zapfenstreich-90-jahre-mkr","status":"publish","type":"page","link":"https:\/\/musikkapelle-reimlingen.de\/?page_id=864","title":{"rendered":"Video Zapfenstreich 90 Jahre MKR"},"content":{"rendered":"<p>Das Video von der Serenade zum gro\u00dfen Zapfenstreich anl\u00e4sslich unseres 90 j\u00e4hrigen Gr\u00fcndungsjubil\u00e4ums finden Sie <a href=\"https:\/\/drive.google.com\/file\/d\/1TVFLePYZOSIXbFNz_kGmlsb1_S6HivGV\/view?usp=sharing\">hier<\/a><\/p>\n","protected":false},"excerpt":{"rendered":"<p>Das Video von der Serenade zum gro\u00dfen Zapfenstreich anl\u00e4sslich unseres 90 j\u00e4hrigen Gr\u00fcndungsjubil\u00e4ums finden Sie\u2026<\/p>\n<p class=\"continue-reading-button\"> <a class=\"continue-reading-link\" href=\"https:\/\/musikkapelle-reimlingen.de\/?page_id=864\">Lesen<i class=\"crycon-right-dir\"><\/i><\/a><\/p>\n","protected":false},"author":1,"featured_media":0,"parent":66,"menu_order":5,"comment_status":"closed","ping_status":"closed","template":"","meta":{"footnotes":""},"_links":{"self":[{"href":"https:\/\/musikkapelle-reimlingen.de\/index.php?rest_route=\/wp\/v2\/pages\/864"}],"collection":[{"href":"https:\/\/musikkapelle-reimlingen.de\/index.php?rest_route=\/wp\/v2\/pages"}],"about":[{"href":"https:\/\/musikkapelle-reimlingen.de\/index.php?rest_route=\/wp\/v2\/types\/page"}],"author":[{"embeddable":true,"href":"https:\/\/musikkapelle-reimlingen.de\/index.php?rest_route=\/wp\/v2\/users\/1"}],"replies":[{"embeddable":true,"href":"https:\/\/musikkapelle-reimlingen.de\/index.php?rest_route=%2Fwp%2Fv2%2Fcomments&post=864"}],"version-history":[{"count":2,"href":"https:\/\/musikkapelle-reimlingen.de\/index.php?rest_route=\/wp\/v2\/pages\/864\/revisions"}],"predecessor-version":[{"id":867,"href":"https:\/\/musikkapelle-reimlingen.de\/index.php?rest_route=\/wp\/v2\/pages\/864\/revisions\/867"}],"up":[{"embeddable":true,"href":"https:\/\/musikkapelle-reimlingen.de\/index.php?rest_route=\/wp\/v2\/pages\/66"}],"wp:attachment":[{"href":"https:\/\/musikkapelle-reimlingen.de\/index.php?rest_route=%2Fwp%2Fv2%2Fmedia&parent=864"}],"curies":[{"name":"wp","href":"https:\/\/api.w.org\/{rel}","templated":true}]}}