{"id":55,"date":"2014-09-08T17:20:37","date_gmt":"2014-09-08T15:20:37","guid":{"rendered":"http:\/\/musikkapelle-reimlingen.de\/?page_id=55"},"modified":"2014-09-08T17:23:51","modified_gmt":"2014-09-08T15:23:51","slug":"trachten","status":"publish","type":"page","link":"https:\/\/musikkapelle-reimlingen.de\/?page_id=55","title":{"rendered":"Trachten"},"content":{"rendered":"<h1 style=\"text-align: center;\">Trachtenentwicklung des Vereins<\/h1>\n<p style=\"text-align: center;\">Dargestellt von Otto M\u00fcller, Johanna Walter geb. Bendl, Thomas Bibl sowie Christine Aurnhammer geb.R\u00f6\u00dfle<\/p>\n<p style=\"text-align: center;\"><a href=\"http:\/\/musikkapelle-reimlingen.de\/wp-content\/uploads\/2014\/09\/18.jpg\"><img loading=\"lazy\" decoding=\"async\" class=\"alignnone size-medium wp-image-56\" src=\"http:\/\/musikkapelle-reimlingen.de\/wp-content\/uploads\/2014\/09\/18-204x300.jpg\" alt=\"18\" width=\"204\" height=\"300\" srcset=\"https:\/\/musikkapelle-reimlingen.de\/wp-content\/uploads\/2014\/09\/18-204x300.jpg 204w, https:\/\/musikkapelle-reimlingen.de\/wp-content\/uploads\/2014\/09\/18-102x150.jpg 102w, https:\/\/musikkapelle-reimlingen.de\/wp-content\/uploads\/2014\/09\/18.jpg 510w\" sizes=\"(max-width: 204px) 100vw, 204px\" \/><\/a><br \/>\n<em>Uniform bis 1970<\/em><\/p>\n<p style=\"text-align: center;\"><a href=\"http:\/\/musikkapelle-reimlingen.de\/wp-content\/uploads\/2014\/09\/19.jpg\"><img loading=\"lazy\" decoding=\"async\" class=\"alignnone size-medium wp-image-57\" src=\"http:\/\/musikkapelle-reimlingen.de\/wp-content\/uploads\/2014\/09\/19-164x300.jpg\" alt=\"19\" width=\"164\" height=\"300\" srcset=\"https:\/\/musikkapelle-reimlingen.de\/wp-content\/uploads\/2014\/09\/19-164x300.jpg 164w, https:\/\/musikkapelle-reimlingen.de\/wp-content\/uploads\/2014\/09\/19-82x150.jpg 82w, https:\/\/musikkapelle-reimlingen.de\/wp-content\/uploads\/2014\/09\/19.jpg 400w\" sizes=\"(max-width: 164px) 100vw, 164px\" \/><\/a>\u00a0\u00a0\u00a0\u00a0\u00a0\u00a0\u00a0\u00a0\u00a0\u00a0\u00a0\u00a0\u00a0\u00a0\u00a0\u00a0\u00a0\u00a0\u00a0\u00a0\u00a0\u00a0\u00a0\u00a0\u00a0\u00a0\u00a0\u00a0\u00a0\u00a0\u00a0\u00a0\u00a0 <a href=\"http:\/\/musikkapelle-reimlingen.de\/wp-content\/uploads\/2014\/09\/20.jpg\"><img loading=\"lazy\" decoding=\"async\" class=\"alignnone size-medium wp-image-58\" src=\"http:\/\/musikkapelle-reimlingen.de\/wp-content\/uploads\/2014\/09\/20-204x300.jpg\" alt=\"20\" width=\"204\" height=\"300\" srcset=\"https:\/\/musikkapelle-reimlingen.de\/wp-content\/uploads\/2014\/09\/20-204x300.jpg 204w, https:\/\/musikkapelle-reimlingen.de\/wp-content\/uploads\/2014\/09\/20-102x150.jpg 102w, https:\/\/musikkapelle-reimlingen.de\/wp-content\/uploads\/2014\/09\/20.jpg 454w\" sizes=\"(max-width: 204px) 100vw, 204px\" \/><\/a><\/p>\n<p style=\"text-align: center;\"><em> Im Jahre 1970 schaffte sich der Verein eine neue Tracht an.<\/em><\/p>\n<p style=\"text-align: center;\"><em> Die Musikerinnen trugen schwarzen Rock mit wei\u00dfer Bluse.<br \/>\n<\/em><\/p>\n<p style=\"text-align: center;\">\n<p style=\"text-align: center;\"><em><a href=\"http:\/\/musikkapelle-reimlingen.de\/wp-content\/uploads\/2014\/09\/21.jpg\"><img loading=\"lazy\" decoding=\"async\" class=\"alignnone size-medium wp-image-59\" src=\"http:\/\/musikkapelle-reimlingen.de\/wp-content\/uploads\/2014\/09\/21-236x300.jpg\" alt=\"21\" width=\"236\" height=\"300\" srcset=\"https:\/\/musikkapelle-reimlingen.de\/wp-content\/uploads\/2014\/09\/21-236x300.jpg 236w, https:\/\/musikkapelle-reimlingen.de\/wp-content\/uploads\/2014\/09\/21-118x150.jpg 118w, https:\/\/musikkapelle-reimlingen.de\/wp-content\/uploads\/2014\/09\/21.jpg 454w\" sizes=\"(max-width: 236px) 100vw, 236px\" \/><\/a><\/em><em>\u00a0\u00a0\u00a0\u00a0\u00a0\u00a0\u00a0\u00a0\u00a0\u00a0\u00a0\u00a0\u00a0\u00a0\u00a0\u00a0\u00a0\u00a0\u00a0 <a href=\"http:\/\/musikkapelle-reimlingen.de\/wp-content\/uploads\/2014\/09\/22.jpg\"><img loading=\"lazy\" decoding=\"async\" class=\"alignnone size-medium wp-image-60\" src=\"http:\/\/musikkapelle-reimlingen.de\/wp-content\/uploads\/2014\/09\/22-203x300.jpg\" alt=\"22\" width=\"203\" height=\"300\" srcset=\"https:\/\/musikkapelle-reimlingen.de\/wp-content\/uploads\/2014\/09\/22-203x300.jpg 203w, https:\/\/musikkapelle-reimlingen.de\/wp-content\/uploads\/2014\/09\/22-101x150.jpg 101w, https:\/\/musikkapelle-reimlingen.de\/wp-content\/uploads\/2014\/09\/22.jpg 454w\" sizes=\"(max-width: 203px) 100vw, 203px\" \/><\/a><br \/>\n1986 wurde unsere heutige Tracht angeschafft.<\/em><\/p>\n<p style=\"text-align: center;\"><em> Erstmals bekamen die Musikerinnen ein stilechtes Gewand. <\/em><\/p>\n<p>&nbsp;<\/p>\n<p style=\"text-align: center;\"><a href=\"http:\/\/musikkapelle-reimlingen.de\/wp-content\/uploads\/2014\/09\/23.jpg\"><img loading=\"lazy\" decoding=\"async\" class=\"alignnone size-medium wp-image-61\" src=\"http:\/\/musikkapelle-reimlingen.de\/wp-content\/uploads\/2014\/09\/23-204x300.jpg\" alt=\"23\" width=\"204\" height=\"300\" srcset=\"https:\/\/musikkapelle-reimlingen.de\/wp-content\/uploads\/2014\/09\/23-204x300.jpg 204w, https:\/\/musikkapelle-reimlingen.de\/wp-content\/uploads\/2014\/09\/23-102x150.jpg 102w, https:\/\/musikkapelle-reimlingen.de\/wp-content\/uploads\/2014\/09\/23.jpg 454w\" sizes=\"(max-width: 204px) 100vw, 204px\" \/><\/a> \u00a0\u00a0\u00a0\u00a0\u00a0\u00a0\u00a0\u00a0\u00a0\u00a0\u00a0\u00a0\u00a0\u00a0\u00a0\u00a0\u00a0\u00a0 <a href=\"http:\/\/musikkapelle-reimlingen.de\/wp-content\/uploads\/2014\/09\/24.jpg\"><img loading=\"lazy\" decoding=\"async\" class=\"alignnone size-medium wp-image-62\" src=\"http:\/\/musikkapelle-reimlingen.de\/wp-content\/uploads\/2014\/09\/24-208x300.jpg\" alt=\"24\" width=\"208\" height=\"300\" srcset=\"https:\/\/musikkapelle-reimlingen.de\/wp-content\/uploads\/2014\/09\/24-208x300.jpg 208w, https:\/\/musikkapelle-reimlingen.de\/wp-content\/uploads\/2014\/09\/24-104x150.jpg 104w, https:\/\/musikkapelle-reimlingen.de\/wp-content\/uploads\/2014\/09\/24.jpg 454w\" sizes=\"(max-width: 208px) 100vw, 208px\" \/><\/a><br \/>\n<em>Im Jubil\u00e4umsjahr wurden die Damen mit einer neuen Tracht eingekleidet. <\/em><\/p>\n","protected":false},"excerpt":{"rendered":"<p>Trachtenentwicklung des Vereins Dargestellt von Otto M\u00fcller, Johanna Walter geb. Bendl, Thomas Bibl sowie Christine\u2026<\/p>\n<p class=\"continue-reading-button\"> <a class=\"continue-reading-link\" href=\"https:\/\/musikkapelle-reimlingen.de\/?page_id=55\">Lesen<i class=\"crycon-right-dir\"><\/i><\/a><\/p>\n","protected":false},"author":1,"featured_media":0,"parent":38,"menu_order":3,"comment_status":"closed","ping_status":"closed","template":"","meta":{"footnotes":""},"_links":{"self":[{"href":"https:\/\/musikkapelle-reimlingen.de\/index.php?rest_route=\/wp\/v2\/pages\/55"}],"collection":[{"href":"https:\/\/musikkapelle-reimlingen.de\/index.php?rest_route=\/wp\/v2\/pages"}],"about":[{"href":"https:\/\/musikkapelle-reimlingen.de\/index.php?rest_route=\/wp\/v2\/types\/page"}],"author":[{"embeddable":true,"href":"https:\/\/musikkapelle-reimlingen.de\/index.php?rest_route=\/wp\/v2\/users\/1"}],"replies":[{"embeddable":true,"href":"https:\/\/musikkapelle-reimlingen.de\/index.php?rest_route=%2Fwp%2Fv2%2Fcomments&post=55"}],"version-history":[{"count":3,"href":"https:\/\/musikkapelle-reimlingen.de\/index.php?rest_route=\/wp\/v2\/pages\/55\/revisions"}],"predecessor-version":[{"id":65,"href":"https:\/\/musikkapelle-reimlingen.de\/index.php?rest_route=\/wp\/v2\/pages\/55\/revisions\/65"}],"up":[{"embeddable":true,"href":"https:\/\/musikkapelle-reimlingen.de\/index.php?rest_route=\/wp\/v2\/pages\/38"}],"wp:attachment":[{"href":"https:\/\/musikkapelle-reimlingen.de\/index.php?rest_route=%2Fwp%2Fv2%2Fmedia&parent=55"}],"curies":[{"name":"wp","href":"https:\/\/api.w.org\/{rel}","templated":true}]}}