{"id":16,"date":"2014-09-07T19:43:48","date_gmt":"2014-09-07T17:43:48","guid":{"rendered":"http:\/\/musikkapelle-reimlingen.de\/?page_id=16"},"modified":"2016-01-06T18:26:03","modified_gmt":"2016-01-06T16:26:03","slug":"kurzinformation","status":"publish","type":"page","link":"https:\/\/musikkapelle-reimlingen.de\/?page_id=16","title":{"rendered":"Kurzinformation"},"content":{"rendered":"<table border=\"0\" width=\"100%\" cellspacing=\"0\" cellpadding=\"0\">\n<tbody>\n<tr>\n<td valign=\"top\" width=\"24\"><\/td>\n<td valign=\"top\"><span style=\"font-size: small;\">Unsere <a href=\"http:\/\/www.reimlingen.de\" target=\"_blank\"> Gemeinde Reimlingen<\/a> mit cirka 1200 Einwohnern befindet sich im <a href=\"http:\/\/www.donau-ries.de\" target=\"_blank\">Landkreis Donau-Ries<\/a>, im Regierungsbezirk Schwaben des Freistaates Bayern unweit der Grenze zum Ost-Alb-Kreis in Baden-W\u00fcrttemberg. Sie liegt idyllisch im &#8222;Ries&#8220;, einem Meteoritenkrater zwischen der Schw\u00e4bischen und Fr\u00e4nkischen Alb.<\/span><span style=\"font-size: small;\">Zur Historie unseres Vereins ist zu bemerken, da\u00df als Gr\u00fcndungsjahr unserer Musikkapelle das Jahr 1927 gilt, in welchem Musikanten aus Reimlingen erstmals ein Gruppenfoto anfertigen lie\u00dfen. Es ist jedoch urkundlich belegt, da\u00df bereits im Jahr 1766 Musiker aus Reimlingen an Kirchweihfesten in der n\u00e4heren Umgebung aufspielten.<\/span><span style=\"font-size: small;\">Unser Verein ist seit dem Jahr 1971 Mitglied im <a href=\"http:\/\/www.asm-online.de\" target=\"_blank\">Allg\u00e4u-Schw\u00e4bischen Musikbund<\/a> und z\u00e4hlt zu den \u00e4ltesten und traditionsreichsten Kapellen dieses Verbandes.<\/span><span style=\"font-size: small;\">Beim letzten Wertungsspiel des Allg\u00e4u-Schw\u00e4bischen Musikbundes im Jahr 2003 nahm unsere Jugendkapelle in der Mittelstufe mit &#8222;ausgezeichnetem Erfolg&#8220; teil.\u00a0<\/span><\/p>\n<p><span style=\"font-size: small;\">Ein besonderes musikalisches Ereignis stellt das alle 2 Jahre stattfindende Fr\u00fchjahrskonzert unserer Kapelle dar, f\u00fcr welches die traditionelle Blasmusik durch konzertante St\u00fccke erg\u00e4nzt wird. So wurden von uns beispielsweise &#8222;Halleluja&#8220; von G. F. H\u00e4ndel, &#8222;Leichte Kavallerie&#8220; von Franz von Supp\u00e9 oder &#8222;Moment for Morricone&#8220; von Ennio Morricone aufgef\u00fchrt.<\/span><\/p>\n<p><span style=\"font-size: small;\">Ein gro\u00dfes Anliegen unseres Vereins ist die Jugendausbildung. So absolvieren regelm\u00e4\u00dfig interessierte Kinder und Jugendliche die <a title=\"Trommler\" href=\"http:\/\/musikkapelle-reimlingen.de\/?page_id=31\">Trommler<\/a>ausbildung. Anschlie\u00dfend ist das Erlernen eines Blasinstrumentes m\u00f6glich.<\/span><\/p>\n<p><span style=\"font-size: small;\">F\u00fcr die fortgeschrittenen Bl\u00e4ser wurde ein <a title=\"Vororchester\" href=\"http:\/\/musikkapelle-reimlingen.de\/?page_id=29\">Vororchester<\/a> geschaffen, um die Jugendlichen auf den Einsatz in der eigentlichen <a title=\"Jugendkapelle\" href=\"http:\/\/musikkapelle-reimlingen.de\/?page_id=27\">Jugendkapelle<\/a> vorzubereiten.<\/span><\/p>\n<p><span style=\"font-size: small;\">Zusammen sind in den 3 Orchestern (Vororchester, Jugendkapelle, Hauptkapelle) und der Trommlergruppe 134\u00a0Musikanten aktiv.<\/span><\/p>\n<p><span style=\"font-size: small;\">Freundschaftliche Beziehungen zu Musikkapellen in Nederweert, Holland und in unserer Partnergemeinde Bourgueil, Frankreich geben uns die M\u00f6glichkeit unser K\u00f6nnen auch im Ausland zu beweisen. Jedoch nicht nur im Ausland; so nahmen wir bereits beim Trachtenumzug anl\u00e4\u00dflich des Oktoberfestes in M\u00fcnchen, am Brezelfest in Speyer und beim Umzug des Cannstatter Vasen, Stuttgart teil.<\/span><\/td>\n<\/tr>\n<\/tbody>\n<\/table>\n","protected":false},"excerpt":{"rendered":"<p>Unsere Gemeinde Reimlingen mit cirka 1200 Einwohnern befindet sich im Landkreis Donau-Ries, im Regierungsbezirk Schwaben\u2026<\/p>\n<p class=\"continue-reading-button\"> <a class=\"continue-reading-link\" href=\"https:\/\/musikkapelle-reimlingen.de\/?page_id=16\">Lesen<i class=\"crycon-right-dir\"><\/i><\/a><\/p>\n","protected":false},"author":1,"featured_media":0,"parent":0,"menu_order":1,"comment_status":"closed","ping_status":"closed","template":"","meta":{"footnotes":""},"class_list":["post-16","page","type-page","status-publish","hentry"],"_links":{"self":[{"href":"https:\/\/musikkapelle-reimlingen.de\/index.php?rest_route=\/wp\/v2\/pages\/16","targetHints":{"allow":["GET"]}}],"collection":[{"href":"https:\/\/musikkapelle-reimlingen.de\/index.php?rest_route=\/wp\/v2\/pages"}],"about":[{"href":"https:\/\/musikkapelle-reimlingen.de\/index.php?rest_route=\/wp\/v2\/types\/page"}],"author":[{"embeddable":true,"href":"https:\/\/musikkapelle-reimlingen.de\/index.php?rest_route=\/wp\/v2\/users\/1"}],"replies":[{"embeddable":true,"href":"https:\/\/musikkapelle-reimlingen.de\/index.php?rest_route=%2Fwp%2Fv2%2Fcomments&post=16"}],"version-history":[{"count":6,"href":"https:\/\/musikkapelle-reimlingen.de\/index.php?rest_route=\/wp\/v2\/pages\/16\/revisions"}],"predecessor-version":[{"id":442,"href":"https:\/\/musikkapelle-reimlingen.de\/index.php?rest_route=\/wp\/v2\/pages\/16\/revisions\/442"}],"wp:attachment":[{"href":"https:\/\/musikkapelle-reimlingen.de\/index.php?rest_route=%2Fwp%2Fv2%2Fmedia&parent=16"}],"curies":[{"name":"wp","href":"https:\/\/api.w.org\/{rel}","templated":true}]}}